{"id":2,"date":"2023-10-10T00:40:45","date_gmt":"2023-10-10T00:40:45","guid":{"rendered":"https:\/\/groupeafer.com\/?page_id=2"},"modified":"2023-10-29T02:11:34","modified_gmt":"2023-10-29T02:11:34","slug":"liens-utiles","status":"publish","type":"page","link":"https:\/\/groupeafer.com\/en\/liens-utiles\/","title":{"rendered":"Useful links"},"content":{"rendered":"<div data-elementor-type=\"wp-page\" data-elementor-id=\"2\" class=\"elementor elementor-2\" data-elementor-post-type=\"page\">\n\t\t\t\t\t\t\t\t\t<section class=\"elementor-section elementor-top-section elementor-element elementor-element-2d529d6 elementor-section-boxed elementor-section-height-default elementor-section-height-default\" data-id=\"2d529d6\" data-element_type=\"section\">\n\t\t\t\t\t\t<div class=\"elementor-container elementor-column-gap-default\">\n\t\t\t\t\t<div class=\"elementor-column elementor-col-100 elementor-top-column elementor-element elementor-element-2599cb5\" data-id=\"2599cb5\" data-element_type=\"column\">\n\t\t\t<div class=\"elementor-widget-wrap elementor-element-populated\">\n\t\t\t\t\t\t\t\t<div class=\"elementor-element elementor-element-3d3eb5e2 elementor-widget elementor-widget-text-editor\" data-id=\"3d3eb5e2\" data-element_type=\"widget\" data-widget_type=\"text-editor.default\">\n\t\t\t\t<div class=\"elementor-widget-container\">\n\t\t\t<style>\/*! elementor - v3.17.0 - 25-10-2023 *\/\n.elementor-widget-text-editor.elementor-drop-cap-view-stacked .elementor-drop-cap{background-color:#69727d;color:#fff}.elementor-widget-text-editor.elementor-drop-cap-view-framed .elementor-drop-cap{color:#69727d;border:3px solid;background-color:transparent}.elementor-widget-text-editor:not(.elementor-drop-cap-view-default) .elementor-drop-cap{margin-top:8px}.elementor-widget-text-editor:not(.elementor-drop-cap-view-default) .elementor-drop-cap-letter{width:1em;height:1em}.elementor-widget-text-editor .elementor-drop-cap{float:left;text-align:center;line-height:1;font-size:50px}.elementor-widget-text-editor .elementor-drop-cap-letter{display:inline-block}<\/style>\t\t\t\t<!-- wp:paragraph -->\n<div class=\"wpb_column vc_column_container vc_col-sm-12\">\n<div class=\"vc_column-inner\">\n<div class=\"wpb_wrapper\">\u00a0<\/div>\n<\/div>\n<\/div>\n<div class=\"wpb_column vc_column_container vc_col-sm-6\">\n<div class=\"vc_column-inner\">\n<div class=\"wpb_wrapper\">\n<div class=\"wpb_text_column wpb_content_element\">\n<div class=\"wpb_wrapper\">\n<ul>\n<li><a href=\"http:\/\/www.canadianblackbook.com\/\" target=\"_blank\" rel=\"noopener\">Know the value of your vehicle with the Canadian Black Book<\/a><\/li>\n<li><a href=\"http:\/\/www.securitepublique.gouv.qc.ca\" target=\"_blank\" rel=\"noopener\">Building an emergency kit for the home<\/a><\/li>\n<li><a href=\"http:\/\/www.gaa.qc.ca\" target=\"_blank\" rel=\"noopener\">Direct compensation agreement for the settlement of automobile claims<\/a><\/li>\n<li><a href=\"http:\/\/www.saaq.gouv.qc.ca\/\" target=\"_blank\" rel=\"noopener\">Quebec Automobile Insurance Society (SAAQ)<\/a><\/li>\n<\/ul>\n<\/div>\n<\/div>\n<\/div>\n<\/div>\n<\/div>\n<div class=\"wpb_column vc_column_container vc_col-sm-6\">\n<div class=\"vc_column-inner\">\n<div class=\"wpb_wrapper\">\n<div class=\"wpb_text_column wpb_content_element\">\n<div class=\"wpb_wrapper\">\n<ul>\n<li><a href=\"http:\/\/www.gaa.qc.ca\/\" target=\"_blank\" rel=\"noopener\">Group of Automobile Insurers (GAA)<\/a><\/li>\n<li><a href=\"http:\/\/www.lautorite.qc.ca\/\" target=\"_blank\" rel=\"noopener\">The Financial Markets Authority<\/a><\/li>\n<li><a href=\"http:\/\/www.rdprm.gouv.qc.ca\/\" target=\"_blank\" rel=\"noopener\">The register of personal and movable real rights (RDPRM)<\/a><\/li>\n<li><a href=\"http:\/\/www.option-consommateurs.org\/\" target=\"_blank\" rel=\"noopener\">Consumer option (OC)<\/a><\/li>\n<\/ul>\n<\/div>\n<\/div>\n<\/div>\n<\/div>\n<\/div>\n<!-- \/wp:paragraph -->\t\t\t\t\t\t<\/div>\n\t\t\t\t<\/div>\n\t\t\t\t\t<\/div>\n\t\t<\/div>\n\t\t\t\t\t\t\t<\/div>\n\t\t<\/section>\n\t\t\t\t<section class=\"elementor-section elementor-top-section elementor-element elementor-element-da2ad2b elementor-section-boxed elementor-section-height-default elementor-section-height-default\" data-id=\"da2ad2b\" data-element_type=\"section\">\n\t\t\t\t\t\t<div class=\"elementor-container elementor-column-gap-default\">\n\t\t\t\t\t<div class=\"elementor-column elementor-col-100 elementor-top-column elementor-element elementor-element-bcdc613\" data-id=\"bcdc613\" data-element_type=\"column\">\n\t\t\t<div class=\"elementor-widget-wrap elementor-element-populated\">\n\t\t\t\t\t\t\t\t<div class=\"elementor-element elementor-element-d4e7816 elementor-widget elementor-widget-html\" data-id=\"d4e7816\" data-element_type=\"widget\" data-widget_type=\"html.default\">\n\t\t\t\t<div class=\"elementor-widget-container\">\n\t\t\t<script type=\"application\/ld+json\">\r\n{\r\n  \"@context\": \"https:\/\/schema.org\/\",\r\n  \"@type\": \"Article\",\r\n  \"mainEntityOfPage\": {\r\n    \"@type\": \"WebPage\",\r\n    \"@id\": \"https:\/\/www.groupeafer.com\/liens-utiles\/\"\r\n  },\r\n  \"headline\": \"Liens utiles - Groupe Afer\",\r\n  \"description\": \"Conna\u00eetre la valeur de votre v\u00e9hicule avec le Canadian Blackbook Constitution d'une trousse d'urgence pour la maison Convention d'indemnisation directe pour...\",\r\n  \"image\": {\r\n    \"@type\": \"ImageObject\",\r\n    \"url\": \"http:\/\/groupeafer.com\/wp-content\/uploads\/2023\/10\/batiment_vacanT.jpg\",\r\n    \"width\": \"\",\r\n    \"height\": \"\"\r\n  },\r\n  \"author\": {\r\n    \"@type\": \"Organization\",\r\n    \"name\": \"Le Groupe Afer Lt\u00e9e\",\r\n    \"url\":\"https:\/\/www.groupeafer.com\/\"\r\n  },\r\n  \"publisher\": {\r\n    \"@type\": \"Organization\",\r\n    \"name\": \"Le Groupe Afer Lt\u00e9e\",\r\n    \"logo\": {\r\n      \"@type\": \"ImageObject\",\r\n      \"url\": \"http:\/\/groupeafer.com\/wp-content\/uploads\/2023\/10\/logo-groupe-afer-e1696930586116.png\",\r\n      \"width\": \"\",\r\n      \"height\": \"\"\r\n    }\r\n  },\r\n  \"datePublished\": \"2023-10-13\"\r\n}\r\n<\/script>\t\t<\/div>\n\t\t\t\t<\/div>\n\t\t\t\t\t<\/div>\n\t\t<\/div>\n\t\t\t\t\t\t\t<\/div>\n\t\t<\/section>\n\t\t\t\t\t\t\t<\/div>","protected":false},"excerpt":{"rendered":"<p>\u00a0 Conna\u00eetre la valeur de votre v\u00e9hicule avec le Canadian Blackbook Constitution d\u2019une trousse d\u2019urgence pour la maison Convention d\u2019indemnisation directe pour le r\u00e9glement des sinistres automobiles Soci\u00e9t\u00e9 de l\u2019assurance automobile du Qu\u00e9bec (SAAQ) Groupement des Assureurs Automobiles (GAA) L\u2019Autorit\u00e9 des March\u00e9s Financiers Le registre des droits personnels et r\u00e9els mobiliers (RDPRM) Option consommateurs (OC)<\/p>","protected":false},"author":1,"featured_media":0,"parent":0,"menu_order":0,"comment_status":"closed","ping_status":"open","template":"","meta":{"footnotes":""},"class_list":["post-2","page","type-page","status-publish","hentry"],"yoast_head":"<!-- This site is optimized with the Yoast SEO plugin v26.7 - https:\/\/yoast.com\/wordpress\/plugins\/seo\/ -->\n<title>Liens utiles - Groupe Afer<\/title>\n<meta name=\"robots\" content=\"index, follow, max-snippet:-1, max-image-preview:large, max-video-preview:-1\" \/>\n<link rel=\"canonical\" href=\"http:\/\/groupeafer.com\/en\/liens-utiles\/\" \/>\n<meta property=\"og:locale\" content=\"en_US\" \/>\n<meta property=\"og:type\" content=\"article\" \/>\n<meta property=\"og:title\" content=\"Liens utiles - Groupe Afer\" \/>\n<meta property=\"og:description\" content=\"\u00a0 Conna\u00eetre la valeur de votre v\u00e9hicule avec le Canadian Blackbook Constitution d\u2019une trousse d\u2019urgence pour la maison Convention d\u2019indemnisation directe pour le r\u00e9glement des sinistres automobiles Soci\u00e9t\u00e9 de l\u2019assurance automobile du Qu\u00e9bec (SAAQ) Groupement des Assureurs Automobiles (GAA) L\u2019Autorit\u00e9 des March\u00e9s Financiers Le registre des droits personnels et r\u00e9els mobiliers (RDPRM) Option consommateurs (OC)\" \/>\n<meta property=\"og:url\" content=\"http:\/\/groupeafer.com\/en\/liens-utiles\/\" \/>\n<meta property=\"og:site_name\" content=\"Groupe Afer\" \/>\n<meta property=\"article:modified_time\" content=\"2023-10-29T02:11:34+00:00\" \/>\n<meta name=\"twitter:card\" content=\"summary_large_image\" \/>\n<script type=\"application\/ld+json\" class=\"yoast-schema-graph\">{\"@context\":\"https:\/\/schema.org\",\"@graph\":[{\"@type\":\"WebPage\",\"@id\":\"http:\/\/groupeafer.com\/en\/liens-utiles\/\",\"url\":\"http:\/\/groupeafer.com\/en\/liens-utiles\/\",\"name\":\"Liens utiles - Groupe Afer\",\"isPartOf\":{\"@id\":\"https:\/\/groupeafer.com\/#website\"},\"datePublished\":\"2023-10-10T00:40:45+00:00\",\"dateModified\":\"2023-10-29T02:11:34+00:00\",\"breadcrumb\":{\"@id\":\"http:\/\/groupeafer.com\/en\/liens-utiles\/#breadcrumb\"},\"inLanguage\":\"en-CA\",\"potentialAction\":[{\"@type\":\"ReadAction\",\"target\":[\"http:\/\/groupeafer.com\/en\/liens-utiles\/\"]}]},{\"@type\":\"BreadcrumbList\",\"@id\":\"http:\/\/groupeafer.com\/en\/liens-utiles\/#breadcrumb\",\"itemListElement\":[{\"@type\":\"ListItem\",\"position\":1,\"name\":\"Accueil\",\"item\":\"https:\/\/groupeafer.com\/\"},{\"@type\":\"ListItem\",\"position\":2,\"name\":\"Liens utiles\"}]},{\"@type\":\"WebSite\",\"@id\":\"https:\/\/groupeafer.com\/#website\",\"url\":\"https:\/\/groupeafer.com\/\",\"name\":\"Groupe Afer\",\"description\":\"\",\"potentialAction\":[{\"@type\":\"SearchAction\",\"target\":{\"@type\":\"EntryPoint\",\"urlTemplate\":\"https:\/\/groupeafer.com\/?s={search_term_string}\"},\"query-input\":{\"@type\":\"PropertyValueSpecification\",\"valueRequired\":true,\"valueName\":\"search_term_string\"}}],\"inLanguage\":\"en-CA\"}]}<\/script>\n<!-- \/ Yoast SEO plugin. -->","yoast_head_json":{"title":"Liens utiles - Groupe Afer","robots":{"index":"index","follow":"follow","max-snippet":"max-snippet:-1","max-image-preview":"max-image-preview:large","max-video-preview":"max-video-preview:-1"},"canonical":"http:\/\/groupeafer.com\/en\/liens-utiles\/","og_locale":"en_US","og_type":"article","og_title":"Liens utiles - Groupe Afer","og_description":"\u00a0 Conna\u00eetre la valeur de votre v\u00e9hicule avec le Canadian Blackbook Constitution d\u2019une trousse d\u2019urgence pour la maison Convention d\u2019indemnisation directe pour le r\u00e9glement des sinistres automobiles Soci\u00e9t\u00e9 de l\u2019assurance automobile du Qu\u00e9bec (SAAQ) Groupement des Assureurs Automobiles (GAA) L\u2019Autorit\u00e9 des March\u00e9s Financiers Le registre des droits personnels et r\u00e9els mobiliers (RDPRM) Option consommateurs (OC)","og_url":"http:\/\/groupeafer.com\/en\/liens-utiles\/","og_site_name":"Groupe Afer","article_modified_time":"2023-10-29T02:11:34+00:00","twitter_card":"summary_large_image","schema":{"@context":"https:\/\/schema.org","@graph":[{"@type":"WebPage","@id":"http:\/\/groupeafer.com\/en\/liens-utiles\/","url":"http:\/\/groupeafer.com\/en\/liens-utiles\/","name":"Liens utiles - Groupe Afer","isPartOf":{"@id":"https:\/\/groupeafer.com\/#website"},"datePublished":"2023-10-10T00:40:45+00:00","dateModified":"2023-10-29T02:11:34+00:00","breadcrumb":{"@id":"http:\/\/groupeafer.com\/en\/liens-utiles\/#breadcrumb"},"inLanguage":"en-CA","potentialAction":[{"@type":"ReadAction","target":["http:\/\/groupeafer.com\/en\/liens-utiles\/"]}]},{"@type":"BreadcrumbList","@id":"http:\/\/groupeafer.com\/en\/liens-utiles\/#breadcrumb","itemListElement":[{"@type":"ListItem","position":1,"name":"Accueil","item":"https:\/\/groupeafer.com\/"},{"@type":"ListItem","position":2,"name":"Liens utiles"}]},{"@type":"WebSite","@id":"https:\/\/groupeafer.com\/#website","url":"https:\/\/groupeafer.com\/","name":"Groupe Afer","description":"","potentialAction":[{"@type":"SearchAction","target":{"@type":"EntryPoint","urlTemplate":"https:\/\/groupeafer.com\/?s={search_term_string}"},"query-input":{"@type":"PropertyValueSpecification","valueRequired":true,"valueName":"search_term_string"}}],"inLanguage":"en-CA"}]}},"_links":{"self":[{"href":"https:\/\/groupeafer.com\/en\/wp-json\/wp\/v2\/pages\/2","targetHints":{"allow":["GET"]}}],"collection":[{"href":"https:\/\/groupeafer.com\/en\/wp-json\/wp\/v2\/pages"}],"about":[{"href":"https:\/\/groupeafer.com\/en\/wp-json\/wp\/v2\/types\/page"}],"author":[{"embeddable":true,"href":"https:\/\/groupeafer.com\/en\/wp-json\/wp\/v2\/users\/1"}],"replies":[{"embeddable":true,"href":"https:\/\/groupeafer.com\/en\/wp-json\/wp\/v2\/comments?post=2"}],"version-history":[{"count":13,"href":"https:\/\/groupeafer.com\/en\/wp-json\/wp\/v2\/pages\/2\/revisions"}],"predecessor-version":[{"id":1849,"href":"https:\/\/groupeafer.com\/en\/wp-json\/wp\/v2\/pages\/2\/revisions\/1849"}],"wp:attachment":[{"href":"https:\/\/groupeafer.com\/en\/wp-json\/wp\/v2\/media?parent=2"}],"curies":[{"name":"wp","href":"https:\/\/api.w.org\/{rel}","templated":true}]}}